{"id":566,"date":"2026-03-19T04:05:04","date_gmt":"2026-03-19T04:05:04","guid":{"rendered":"https:\/\/relystone.com\/?post_type=product&#038;p=566"},"modified":"2026-04-07T03:31:41","modified_gmt":"2026-04-07T03:31:41","slug":"cable-driven-monorail-hoist","status":"publish","type":"product","link":"https:\/\/relystone.com\/de\/produkt\/cable-driven-monorail-hoist\/","title":{"rendered":"Material-Box"},"content":{"rendered":"<h1>Produktvorteile<\/h1>\n<div><\/div>\n<ol>\n<li><strong>Sicher und zuverl\u00e4ssig:<\/strong> Hochfeste Kastenstruktur mit Anti-Fall- und Anti-Spill-Design.<\/li>\n<li><strong>Platzsparend:<\/strong> Schwebender Transport ohne Beanspruchung des Bodens der Fahrbahn.<\/li>\n<li><strong>Breite Kompatibilit\u00e4t:<\/strong> Funktioniert mit pneumatischen, Diesel- und Batterie-Einschienenlokomotiven.<\/li>\n<li><strong>Bequemer Transfer:<\/strong> Reduziert die manuelle Handhabung und verbessert die Effizienz des Materialtransports.<\/li>\n<li><strong>Langlebige Struktur:<\/strong> Verschlei\u00dffest und korrosionsbest\u00e4ndig f\u00fcr raue Umgebungen unter Tage.<\/li>\n<li><strong>Flexibles Layout:<\/strong> Einfach zu installieren und f\u00fcr den zentralen Materialtransport geeignet.<\/li>\n<\/ol>","protected":false},"excerpt":{"rendered":"<p>The monorail material box is a special mine-grade material transfer container for monorail transport locomotives (pneumatic\/diesel\/battery-powered monorail cranes), designed for material transportation in underground coal mine roadways. Made of high-strength mine steel, it connects to the monorail hoist trolley via a hanging structure, enabling suspended material transportation along monorail tracks, and is suitable for various complex roadway conditions.<\/p>","protected":false},"featured_media":886,"comment_status":"open","ping_status":"closed","template":"","meta":{"_acf_changed":false},"product_brand":[],"product_cat":[19],"product_tag":[],"class_list":{"0":"post-566","1":"product","2":"type-product","3":"status-publish","4":"has-post-thumbnail","6":"product_cat-mining-underground-transportation","8":"first","9":"instock","10":"shipping-taxable","11":"product-type-simple"},"acf":[],"_links":{"self":[{"href":"https:\/\/relystone.com\/de\/wp-json\/wp\/v2\/product\/566","targetHints":{"allow":["GET"]}}],"collection":[{"href":"https:\/\/relystone.com\/de\/wp-json\/wp\/v2\/product"}],"about":[{"href":"https:\/\/relystone.com\/de\/wp-json\/wp\/v2\/types\/product"}],"replies":[{"embeddable":true,"href":"https:\/\/relystone.com\/de\/wp-json\/wp\/v2\/comments?post=566"}],"wp:featuredmedia":[{"embeddable":true,"href":"https:\/\/relystone.com\/de\/wp-json\/wp\/v2\/media\/886"}],"wp:attachment":[{"href":"https:\/\/relystone.com\/de\/wp-json\/wp\/v2\/media?parent=566"}],"wp:term":[{"taxonomy":"product_brand","embeddable":true,"href":"https:\/\/relystone.com\/de\/wp-json\/wp\/v2\/product_brand?post=566"},{"taxonomy":"product_cat","embeddable":true,"href":"https:\/\/relystone.com\/de\/wp-json\/wp\/v2\/product_cat?post=566"},{"taxonomy":"product_tag","embeddable":true,"href":"https:\/\/relystone.com\/de\/wp-json\/wp\/v2\/product_tag?post=566"}],"curies":[{"name":"wp","href":"https:\/\/api.w.org\/{rel}","templated":true}]}}