{"id":568,"date":"2026-03-19T04:14:54","date_gmt":"2026-03-19T04:14:54","guid":{"rendered":"https:\/\/relystone.com\/?post_type=product&#038;p=568"},"modified":"2026-03-20T06:13:03","modified_gmt":"2026-03-20T06:13:03","slug":"explosion-proof-diesel-powered-tracked-vehicle","status":"publish","type":"product","link":"https:\/\/relystone.com\/es\/producto\/explosion-proof-diesel-powered-tracked-vehicle\/","title":{"rendered":"Veh\u00edculo oruga di\u00e9sel antideflagrante"},"content":{"rendered":"","protected":false},"excerpt":{"rendered":"<p>El veh\u00edculo de orugas con motor di\u00e9sel a prueba de explosiones (tambi\u00e9n denominado transportador de orugas con motor di\u00e9sel a prueba de llamas) es un veh\u00edculo de manipulaci\u00f3n de materiales especialmente dise\u00f1ado para su uso en atm\u00f3sferas de gas explosivo, como las minas de carb\u00f3n subterr\u00e1neas.\u00a0<a href=\"https:\/\/www.madeinchina.com\/mall\/show-Explosion-Proof-Diesel-Engine-Powered-Tracked-Vehicle-for-Harsh-Mining-Environments_1112090.html\" target=\"_blank\" rel=\"noopener noreferrer\"><span class=\"ds-markdown-cite\">-1<\/span><\/a>. It combines an explosion-proof diesel engine with a rugged tracked undercarriage, enabling stable operation across complex terrain including soft bottom, muddy roadways, steep inclines, and confined underground spaces<\/p>","protected":false},"featured_media":542,"comment_status":"open","ping_status":"closed","template":"","meta":{"_acf_changed":false},"product_brand":[],"product_cat":[21],"product_tag":[],"class_list":{"0":"post-568","1":"product","2":"type-product","3":"status-publish","4":"has-post-thumbnail","6":"product_cat-explosion-proof-transport-vehicle","8":"first","9":"instock","10":"shipping-taxable","11":"product-type-simple"},"acf":[],"_links":{"self":[{"href":"https:\/\/relystone.com\/es\/wp-json\/wp\/v2\/product\/568","targetHints":{"allow":["GET"]}}],"collection":[{"href":"https:\/\/relystone.com\/es\/wp-json\/wp\/v2\/product"}],"about":[{"href":"https:\/\/relystone.com\/es\/wp-json\/wp\/v2\/types\/product"}],"replies":[{"embeddable":true,"href":"https:\/\/relystone.com\/es\/wp-json\/wp\/v2\/comments?post=568"}],"wp:featuredmedia":[{"embeddable":true,"href":"https:\/\/relystone.com\/es\/wp-json\/wp\/v2\/media\/542"}],"wp:attachment":[{"href":"https:\/\/relystone.com\/es\/wp-json\/wp\/v2\/media?parent=568"}],"wp:term":[{"taxonomy":"product_brand","embeddable":true,"href":"https:\/\/relystone.com\/es\/wp-json\/wp\/v2\/product_brand?post=568"},{"taxonomy":"product_cat","embeddable":true,"href":"https:\/\/relystone.com\/es\/wp-json\/wp\/v2\/product_cat?post=568"},{"taxonomy":"product_tag","embeddable":true,"href":"https:\/\/relystone.com\/es\/wp-json\/wp\/v2\/product_tag?post=568"}],"curies":[{"name":"wp","href":"https:\/\/api.w.org\/{rel}","templated":true}]}}