{"id":576,"date":"2026-03-19T04:53:04","date_gmt":"2026-03-19T04:53:04","guid":{"rendered":"https:\/\/relystone.com\/?post_type=product&#038;p=576"},"modified":"2026-03-20T06:12:45","modified_gmt":"2026-03-20T06:12:45","slug":"wear-resistant-pipe","status":"publish","type":"product","link":"https:\/\/relystone.com\/es\/producto\/wear-resistant-pipe\/","title":{"rendered":"Tuber\u00edas resistentes al desgaste"},"content":{"rendered":"","protected":false},"excerpt":{"rendered":"<p>Las tuber\u00edas resistentes al desgaste son sistemas de tuber\u00edas especiales o compuestas dise\u00f1ados para resistir la abrasi\u00f3n, la corrosi\u00f3n y los impactos en entornos mineros exigentes. Son esenciales para transportar materiales como lodos de carb\u00f3n, est\u00e9riles de mina, materiales de relleno y agua de proceso con s\u00f3lidos abrasivos.<\/p>","protected":false},"featured_media":548,"comment_status":"open","ping_status":"closed","template":"","meta":{"_acf_changed":false},"product_brand":[],"product_cat":[20],"product_tag":[],"class_list":{"0":"post-576","1":"product","2":"type-product","3":"status-publish","4":"has-post-thumbnail","6":"product_cat-safety-protection-equipment","8":"first","9":"instock","10":"shipping-taxable","11":"product-type-simple"},"acf":[],"_links":{"self":[{"href":"https:\/\/relystone.com\/es\/wp-json\/wp\/v2\/product\/576","targetHints":{"allow":["GET"]}}],"collection":[{"href":"https:\/\/relystone.com\/es\/wp-json\/wp\/v2\/product"}],"about":[{"href":"https:\/\/relystone.com\/es\/wp-json\/wp\/v2\/types\/product"}],"replies":[{"embeddable":true,"href":"https:\/\/relystone.com\/es\/wp-json\/wp\/v2\/comments?post=576"}],"wp:featuredmedia":[{"embeddable":true,"href":"https:\/\/relystone.com\/es\/wp-json\/wp\/v2\/media\/548"}],"wp:attachment":[{"href":"https:\/\/relystone.com\/es\/wp-json\/wp\/v2\/media?parent=576"}],"wp:term":[{"taxonomy":"product_brand","embeddable":true,"href":"https:\/\/relystone.com\/es\/wp-json\/wp\/v2\/product_brand?post=576"},{"taxonomy":"product_cat","embeddable":true,"href":"https:\/\/relystone.com\/es\/wp-json\/wp\/v2\/product_cat?post=576"},{"taxonomy":"product_tag","embeddable":true,"href":"https:\/\/relystone.com\/es\/wp-json\/wp\/v2\/product_tag?post=576"}],"curies":[{"name":"wp","href":"https:\/\/api.w.org\/{rel}","templated":true}]}}