{"id":587,"date":"2026-03-19T04:57:25","date_gmt":"2026-03-19T04:57:25","guid":{"rendered":"https:\/\/relystone.com\/?post_type=product&#038;p=587"},"modified":"2026-05-04T06:08:56","modified_gmt":"2026-05-04T06:08:56","slug":"coal-mine-loader","status":"publish","type":"product","link":"https:\/\/relystone.com\/es\/producto\/coal-mine-loader\/","title":{"rendered":"Coal Mine Loader | Underground Mining Scraper Loader"},"content":{"rendered":"<p>El cargador de minas de carb\u00f3n (rascador de combusti\u00f3n interna) es un<br \/>\nveh\u00edculo profesional de miner\u00eda subterr\u00e1nea sin orugas dise\u00f1ado<br \/>\npara la manipulaci\u00f3n eficaz de materiales en minas de carb\u00f3n y t\u00faneles<br \/>\nproyectos de construcci\u00f3n.<\/p>\n<p>Accionada por un motor di\u00e9sel, la pala cargadora para minas de carb\u00f3n cuenta con<br \/>\nneum\u00e1ticos de goma para una movilidad subterr\u00e1nea suave y un<br \/>\ndise\u00f1o de articulaci\u00f3n entre los bastidores delantero y trasero para<br \/>\ngiros cerrados en t\u00faneles estrechos. Su cuchara frontal permite<br \/>\ncarga y descarga r\u00e1pida y eficaz de materiales sueltos<br \/>\ndespu\u00e9s de las operaciones de voladura.<\/p>\n<p>Aplicaciones clave de la pala cargadora para minas de carb\u00f3n:<br \/>\n- Palear y transportar los materiales sueltos despu\u00e9s de la voladura<br \/>\nen minas de carb\u00f3n subterr\u00e1neas<br \/>\n- Proyectos de construcci\u00f3n de t\u00faneles en ferrocarriles, carreteras y v\u00edas navegables<br \/>\nconstrucci\u00f3n de conservaci\u00f3n<br \/>\n- Funcionamiento seguro en entornos con mucho gas y polvo de carb\u00f3n<br \/>\n(certificado antideflagrante)<\/p>\n<p>Caracter\u00edsticas principales:<br \/>\n- Motor di\u00e9sel para un rendimiento fiable bajo tierra<br \/>\n- Dise\u00f1o con neum\u00e1ticos de goma para facilitar la movilidad y un radio de giro reducido<br \/>\n- Carga frontal de la cuchara para una manipulaci\u00f3n r\u00e1pida y eficaz del material<br \/>\n- Articulaci\u00f3n central entre los bastidores delantero y trasero<br \/>\n- Certificado antideflagrante para entornos mineros peligrosos<br \/>\n- Embalaje marino con tratamiento anticorrosi\u00f3n<br \/>\n- Plazo de entrega: 15-30 d\u00edas, exportaci\u00f3n a todo el mundo<\/p>\n<p>Como fabricante de confianza de cargadoras para minas de carb\u00f3n, Relystone<br \/>\nsuministra equipos fiables de miner\u00eda subterr\u00e1nea<br \/>\noperaciones mineras. P\u00f3ngase en contacto con nosotros hoy mismo para obtener especificaciones y precios.<\/p>","protected":false},"excerpt":{"rendered":"<p>The Internal Combustion Scraper is a trackless underground mining vehicle powered by a diesel engine, featuring rubber tires, front bucket loading and unloading, and central articulation between front and rear frames\u00a0. It is designed primarily for shoveling and transporting loose materials after blasting in underground mines, as well as for tunneling projects in railway, highway, and water conservancy construction<\/p>","protected":false},"featured_media":1175,"comment_status":"open","ping_status":"closed","template":"","meta":{"_acf_changed":false},"product_brand":[],"product_cat":[24],"product_tag":[],"class_list":{"0":"post-587","1":"product","2":"type-product","3":"status-publish","4":"has-post-thumbnail","6":"product_cat-coal-mine-loader","8":"first","9":"instock","10":"shipping-taxable","11":"product-type-simple"},"acf":[],"_links":{"self":[{"href":"https:\/\/relystone.com\/es\/wp-json\/wp\/v2\/product\/587","targetHints":{"allow":["GET"]}}],"collection":[{"href":"https:\/\/relystone.com\/es\/wp-json\/wp\/v2\/product"}],"about":[{"href":"https:\/\/relystone.com\/es\/wp-json\/wp\/v2\/types\/product"}],"replies":[{"embeddable":true,"href":"https:\/\/relystone.com\/es\/wp-json\/wp\/v2\/comments?post=587"}],"wp:featuredmedia":[{"embeddable":true,"href":"https:\/\/relystone.com\/es\/wp-json\/wp\/v2\/media\/1175"}],"wp:attachment":[{"href":"https:\/\/relystone.com\/es\/wp-json\/wp\/v2\/media?parent=587"}],"wp:term":[{"taxonomy":"product_brand","embeddable":true,"href":"https:\/\/relystone.com\/es\/wp-json\/wp\/v2\/product_brand?post=587"},{"taxonomy":"product_cat","embeddable":true,"href":"https:\/\/relystone.com\/es\/wp-json\/wp\/v2\/product_cat?post=587"},{"taxonomy":"product_tag","embeddable":true,"href":"https:\/\/relystone.com\/es\/wp-json\/wp\/v2\/product_tag?post=587"}],"curies":[{"name":"wp","href":"https:\/\/api.w.org\/{rel}","templated":true}]}}